{"id":114,"date":"2014-06-24T16:18:01","date_gmt":"2014-06-24T14:18:01","guid":{"rendered":"http:\/\/www.ritocad.se\/?page_id=114"},"modified":"2014-06-24T16:18:01","modified_gmt":"2014-06-24T14:18:01","slug":"lagenhetsritningar-pa-webben","status":"publish","type":"page","link":"https:\/\/ww3.ritocad.se\/index.php\/tjanster\/lagenhetsritningar-pa-webben\/","title":{"rendered":"L\u00e4genhets- och lokalritningar"},"content":{"rendered":"<p><strong>L\u00e4genhets- och lokalritningar<br \/>\n<\/strong><br \/>\nVi kan utifr\u00e5n befintligt ritningsmaterial skapa unika l\u00e4genhets-\/lokalritningar. <a href=\"http:\/\/ww3.ritocad.se\/wp-content\/uploads\/2014\/07\/Sk\u00e4rmklipp3-copy.jpg\"><img loading=\"lazy\" decoding=\"async\" class=\"size-medium wp-image-308 alignright\" title=\"Olika webbritningar\" alt=\"Webbritningar\" src=\"http:\/\/ww3.ritocad.se\/wp-content\/uploads\/2014\/07\/Sk\u00e4rmklipp3-copy-300x270.jpg\" width=\"300\" height=\"270\" srcset=\"https:\/\/ww3.ritocad.se\/wp-content\/uploads\/2014\/07\/Sk\u00e4rmklipp3-copy-300x270.jpg 300w, https:\/\/ww3.ritocad.se\/wp-content\/uploads\/2014\/07\/Sk\u00e4rmklipp3-copy.jpg 620w\" sizes=\"auto, (max-width: 300px) 100vw, 300px\" \/><\/a><br \/>\nDe kan inneh\u00e5lla uppgifter om l\u00e4genhetsyta, rumsyta, utrustning mm.<br \/>\nUtseende och inneh\u00e5ll best\u00e4ms i samr\u00e5d med dig som kund.<br \/>\n<a href=\"http:\/\/ww3.ritocad.se\/wp-content\/uploads\/2014\/08\/Demo-av-olika-lgh-ritningar.pdf\" target=\"_blank\">Titta p\u00e5 olika l\u00e4genhetsexempel.<\/a><del><br \/>\n<\/del><br \/>\n&nbsp;<br \/>\n<strong>L\u00e4genhetsritningar p\u00e5 Webben<br \/>\n<\/strong><br \/>\nUtifr\u00e5n de unika l\u00e4genhetsritningarna producerar vi speciella bilder f\u00f6r visning p\u00e5 din hemsida f\u00f6r lediga objekt.<br \/>\nL\u00e4s mer om<br \/>\n<a href=\"?page_id=144\">Systemintegration i Fince<\/a><\/p>\n","protected":false},"excerpt":{"rendered":"<p>L\u00e4genhets- och lokalritningar Vi kan utifr\u00e5n befintligt ritningsmaterial skapa unika l\u00e4genhets-\/lokalritningar. De kan inneh\u00e5lla uppgifter om l\u00e4genhetsyta, rumsyta, utrustning mm. Utseende och inneh\u00e5ll best\u00e4ms i samr\u00e5d med dig som kund. Titta p\u00e5 olika l\u00e4genhetsexempel. &nbsp; L\u00e4genhetsritningar p\u00e5 Webben Utifr\u00e5n de unika l\u00e4genhetsritningarna producerar vi speciella bilder f\u00f6r visning p\u00e5 din hemsida f\u00f6r lediga objekt. L\u00e4s mer om Systemintegration i Fince<\/p>\n","protected":false},"author":2,"featured_media":0,"parent":58,"menu_order":60,"comment_status":"closed","ping_status":"closed","template":"","meta":{"footnotes":""},"class_list":["post-114","page","type-page","status-publish","hentry"],"_links":{"self":[{"href":"https:\/\/ww3.ritocad.se\/index.php\/wp-json\/wp\/v2\/pages\/114","targetHints":{"allow":["GET"]}}],"collection":[{"href":"https:\/\/ww3.ritocad.se\/index.php\/wp-json\/wp\/v2\/pages"}],"about":[{"href":"https:\/\/ww3.ritocad.se\/index.php\/wp-json\/wp\/v2\/types\/page"}],"author":[{"embeddable":true,"href":"https:\/\/ww3.ritocad.se\/index.php\/wp-json\/wp\/v2\/users\/2"}],"replies":[{"embeddable":true,"href":"https:\/\/ww3.ritocad.se\/index.php\/wp-json\/wp\/v2\/comments?post=114"}],"version-history":[{"count":0,"href":"https:\/\/ww3.ritocad.se\/index.php\/wp-json\/wp\/v2\/pages\/114\/revisions"}],"up":[{"embeddable":true,"href":"https:\/\/ww3.ritocad.se\/index.php\/wp-json\/wp\/v2\/pages\/58"}],"wp:attachment":[{"href":"https:\/\/ww3.ritocad.se\/index.php\/wp-json\/wp\/v2\/media?parent=114"}],"curies":[{"name":"wp","href":"https:\/\/api.w.org\/{rel}","templated":true}]}}