{"id":132,"date":"2014-06-25T15:19:18","date_gmt":"2014-06-25T13:19:18","guid":{"rendered":"http:\/\/www.ritocad.se\/?page_id=132"},"modified":"2014-06-25T15:19:18","modified_gmt":"2014-06-25T13:19:18","slug":"molntjanst","status":"publish","type":"page","link":"https:\/\/ww3.ritocad.se\/index.php\/produkter\/molntjanst\/","title":{"rendered":"Molntj\u00e4nst"},"content":{"rendered":"<p><strong>Fince Molntj\u00e4nst <\/strong><em>&#8221;<strong>Outsourca er dokumenthantering&#8221;<a href=\"http:\/\/ww3.ritocad.se\/wp-content\/uploads\/2014\/07\/Moln2.jpg\"><img loading=\"lazy\" decoding=\"async\" class=\"size-full wp-image-273 alignright\" src=\"http:\/\/ww3.ritocad.se\/wp-content\/uploads\/2014\/07\/Moln2.jpg\" alt=\"Molntj\u00e4nst\" width=\"272\" height=\"185\" \/><\/a><\/strong><\/em><br \/>\nTj\u00e4nsten inneh\u00e5ller f\u00f6ljande:<\/p>\n<ul>\n<li>Lagringsutrymme p\u00e5 en av v\u00e5ra servrar<\/li>\n<li>Tillg\u00e4nglighet dygnet runt<\/li>\n<li>Brandv\u00e4gg med virusskydd<\/li>\n<li>S\u00e4kerhetsuppdateringar<\/li>\n<li>Support tillg\u00e4nglig under ordinarie arbetsdag mellan 08:00 &#8211; 16:30<\/li>\n<li>Daglig backup, f\u00f6rvaras dels i s\u00e4kerhetssk\u00e5p\u00a0inom kontoret och dels i annan byggnad<\/li>\n<\/ul>\n<p>V\u00e5r datahall best\u00e5r av alla\u00a0viktiga komponenter f\u00f6r en effektivt och s\u00e4ker servicedrift som t.ex. v\u00e4lutbildad driftpersonal, gr\u00f6n el, larm f\u00f6r temperatur och fukt, kylsystem, inbrottslarm med kamera\u00f6vervakning och r\u00f6kdetektor.<\/p>\n","protected":false},"excerpt":{"rendered":"<p>Fince Molntj\u00e4nst &#8221;Outsourca er dokumenthantering&#8221; Tj\u00e4nsten inneh\u00e5ller f\u00f6ljande: Lagringsutrymme p\u00e5 en av v\u00e5ra servrar Tillg\u00e4nglighet dygnet runt Brandv\u00e4gg med virusskydd S\u00e4kerhetsuppdateringar Support tillg\u00e4nglig under ordinarie arbetsdag mellan 08:00 &#8211; 16:30 Daglig backup, f\u00f6rvaras dels i s\u00e4kerhetssk\u00e5p\u00a0inom kontoret och dels i annan byggnad V\u00e5r datahall best\u00e5r av alla\u00a0viktiga komponenter f\u00f6r en effektivt och s\u00e4ker servicedrift som t.ex. v\u00e4lutbildad driftpersonal, gr\u00f6n el, larm f\u00f6r temperatur och fukt, kylsystem, inbrottslarm med kamera\u00f6vervakning och r\u00f6kdetektor.<\/p>\n","protected":false},"author":2,"featured_media":273,"parent":56,"menu_order":20,"comment_status":"closed","ping_status":"open","template":"","meta":{"footnotes":""},"class_list":["post-132","page","type-page","status-publish","has-post-thumbnail","hentry"],"_links":{"self":[{"href":"https:\/\/ww3.ritocad.se\/index.php\/wp-json\/wp\/v2\/pages\/132","targetHints":{"allow":["GET"]}}],"collection":[{"href":"https:\/\/ww3.ritocad.se\/index.php\/wp-json\/wp\/v2\/pages"}],"about":[{"href":"https:\/\/ww3.ritocad.se\/index.php\/wp-json\/wp\/v2\/types\/page"}],"author":[{"embeddable":true,"href":"https:\/\/ww3.ritocad.se\/index.php\/wp-json\/wp\/v2\/users\/2"}],"replies":[{"embeddable":true,"href":"https:\/\/ww3.ritocad.se\/index.php\/wp-json\/wp\/v2\/comments?post=132"}],"version-history":[{"count":0,"href":"https:\/\/ww3.ritocad.se\/index.php\/wp-json\/wp\/v2\/pages\/132\/revisions"}],"up":[{"embeddable":true,"href":"https:\/\/ww3.ritocad.se\/index.php\/wp-json\/wp\/v2\/pages\/56"}],"wp:featuredmedia":[{"embeddable":true,"href":"https:\/\/ww3.ritocad.se\/index.php\/wp-json\/wp\/v2\/media\/273"}],"wp:attachment":[{"href":"https:\/\/ww3.ritocad.se\/index.php\/wp-json\/wp\/v2\/media?parent=132"}],"curies":[{"name":"wp","href":"https:\/\/api.w.org\/{rel}","templated":true}]}}