{"id":148,"date":"2014-06-26T09:14:39","date_gmt":"2014-06-26T07:14:39","guid":{"rendered":"http:\/\/www.ritocad.se\/?page_id=148"},"modified":"2014-06-26T09:14:39","modified_gmt":"2014-06-26T07:14:39","slug":"support-2","status":"publish","type":"page","link":"https:\/\/ww3.ritocad.se\/index.php\/support-2\/","title":{"rendered":"Kundportal"},"content":{"rendered":"<p><a href=\"http:\/\/ww3.ritocad.se\/wp-content\/uploads\/2014\/07\/telefonsupport.jpg\"><img loading=\"lazy\" decoding=\"async\" class=\"size-full wp-image-403 alignright\" src=\"http:\/\/ww3.ritocad.se\/wp-content\/uploads\/2014\/07\/telefonsupport.jpg\" alt=\"telefonsupport\" width=\"158\" height=\"158\" srcset=\"https:\/\/ww3.ritocad.se\/wp-content\/uploads\/2014\/07\/telefonsupport.jpg 204w, https:\/\/ww3.ritocad.se\/wp-content\/uploads\/2014\/07\/telefonsupport-150x150.jpg 150w\" sizes=\"auto, (max-width: 158px) 100vw, 158px\" \/><\/a><em><strong>Support<\/strong><\/em><br \/>\nV\u00e5ra telefontider \u00e4r kl. 08.00-16.00 (lunchst\u00e4ngt 12.00-13.00) helgfria vardagar. Undantag dag f\u00f6re r\u00f6d dag d\u00e5 vi st\u00e4nger kl. 12.00. Beh\u00f6ver du hj\u00e4lp under andra tider s\u00f6k under <a href=\"?page_id=158\">&#8221;Fr\u00e5gor och svar&#8221;.<\/a><br \/>\nInga fr\u00e5gor \u00e4r f\u00f6r stora eller f\u00f6r sm\u00e5 att besvara f\u00f6r oss! Vi g\u00f6r v\u00e5rt allra yttersta f\u00f6r att ge dig den b\u00e4sta supporten.<!--nextpage--><br \/>\nF\u00f6r att l\u00e4sa fr\u00e5gor och svar samt h\u00e4mta dokument under download m\u00e5ste du g\u00f6ra f\u00f6ljande:<\/p>\n<ul>\n<li>logga in i Fince<\/li>\n<\/ul>\n<p><a href=\"http:\/\/ww3.ritocad.se\/wp-content\/uploads\/2014\/06\/Skapa-konto-e1497860109549.png\"><img loading=\"lazy\" decoding=\"async\" class=\"alignnone size-medium wp-image-1031\" src=\"http:\/\/ww3.ritocad.se\/wp-content\/uploads\/2014\/06\/Skapa-konto-e1497860109549-300x174.png\" alt=\"skapa-konto\" width=\"300\" height=\"174\" srcset=\"https:\/\/ww3.ritocad.se\/wp-content\/uploads\/2014\/06\/Skapa-konto-e1497860109549-300x174.png 300w, https:\/\/ww3.ritocad.se\/wp-content\/uploads\/2014\/06\/Skapa-konto-e1497860109549.png 425w\" sizes=\"auto, (max-width: 300px) 100vw, 300px\" \/><\/a><\/p>\n<ul>\n<li>uppe till v\u00e4nster har du \u201dMina inst\u00e4llningar\u201d, \u00f6ppna dom<\/li>\n<li>klicka p\u00e5 knappen \u201dSkapa konto\u201d.<\/li>\n<\/ul>\n<p>D\u00e5 blir du medlem p\u00e5 kundportalen med samma inloggning och l\u00f6sen som du har i Fince.<\/p>\n","protected":false},"excerpt":{"rendered":"<p>Support V\u00e5ra telefontider \u00e4r kl. 08.00-16.00 (lunchst\u00e4ngt 12.00-13.00) helgfria vardagar. Undantag dag f\u00f6re r\u00f6d dag d\u00e5 vi st\u00e4nger kl. 12.00. Beh\u00f6ver du hj\u00e4lp under andra tider s\u00f6k under &#8221;Fr\u00e5gor och svar&#8221;. Inga fr\u00e5gor \u00e4r f\u00f6r stora eller f\u00f6r sm\u00e5 att besvara f\u00f6r oss! Vi g\u00f6r v\u00e5rt allra yttersta f\u00f6r att ge dig den b\u00e4sta supporten.<\/p>\n","protected":false},"author":2,"featured_media":0,"parent":0,"menu_order":30,"comment_status":"closed","ping_status":"open","template":"","meta":{"footnotes":""},"class_list":["post-148","page","type-page","status-publish","hentry"],"_links":{"self":[{"href":"https:\/\/ww3.ritocad.se\/index.php\/wp-json\/wp\/v2\/pages\/148","targetHints":{"allow":["GET"]}}],"collection":[{"href":"https:\/\/ww3.ritocad.se\/index.php\/wp-json\/wp\/v2\/pages"}],"about":[{"href":"https:\/\/ww3.ritocad.se\/index.php\/wp-json\/wp\/v2\/types\/page"}],"author":[{"embeddable":true,"href":"https:\/\/ww3.ritocad.se\/index.php\/wp-json\/wp\/v2\/users\/2"}],"replies":[{"embeddable":true,"href":"https:\/\/ww3.ritocad.se\/index.php\/wp-json\/wp\/v2\/comments?post=148"}],"version-history":[{"count":0,"href":"https:\/\/ww3.ritocad.se\/index.php\/wp-json\/wp\/v2\/pages\/148\/revisions"}],"wp:attachment":[{"href":"https:\/\/ww3.ritocad.se\/index.php\/wp-json\/wp\/v2\/media?parent=148"}],"curies":[{"name":"wp","href":"https:\/\/api.w.org\/{rel}","templated":true}]}}