{"id":158,"date":"2014-06-26T10:28:02","date_gmt":"2014-06-26T08:28:02","guid":{"rendered":"http:\/\/www.ritocad.se\/?page_id=158"},"modified":"2014-06-26T10:28:02","modified_gmt":"2014-06-26T08:28:02","slug":"158-2","status":"publish","type":"page","link":"https:\/\/ww3.ritocad.se\/index.php\/support-2\/158-2\/","title":{"rendered":"Fr\u00e5gor &amp; svar"},"content":{"rendered":"Du m\u00e5ste vara inloggad f\u00f6r att visa detta inneh\u00e5ll.","protected":false},"excerpt":{"rendered":"Du m\u00e5ste vara inloggad f\u00f6r att visa detta inneh\u00e5ll.","protected":false},"author":2,"featured_media":0,"parent":148,"menu_order":31,"comment_status":"closed","ping_status":"open","template":"","meta":{"footnotes":""},"class_list":["post-158","page","type-page","status-publish","hentry"],"_links":{"self":[{"href":"https:\/\/ww3.ritocad.se\/index.php\/wp-json\/wp\/v2\/pages\/158","targetHints":{"allow":["GET"]}}],"collection":[{"href":"https:\/\/ww3.ritocad.se\/index.php\/wp-json\/wp\/v2\/pages"}],"about":[{"href":"https:\/\/ww3.ritocad.se\/index.php\/wp-json\/wp\/v2\/types\/page"}],"author":[{"embeddable":true,"href":"https:\/\/ww3.ritocad.se\/index.php\/wp-json\/wp\/v2\/users\/2"}],"replies":[{"embeddable":true,"href":"https:\/\/ww3.ritocad.se\/index.php\/wp-json\/wp\/v2\/comments?post=158"}],"version-history":[{"count":0,"href":"https:\/\/ww3.ritocad.se\/index.php\/wp-json\/wp\/v2\/pages\/158\/revisions"}],"up":[{"embeddable":true,"href":"https:\/\/ww3.ritocad.se\/index.php\/wp-json\/wp\/v2\/pages\/148"}],"wp:attachment":[{"href":"https:\/\/ww3.ritocad.se\/index.php\/wp-json\/wp\/v2\/media?parent=158"}],"curies":[{"name":"wp","href":"https:\/\/api.w.org\/{rel}","templated":true}]}}