{"id":406,"date":"2014-07-10T11:35:17","date_gmt":"2014-07-10T09:35:17","guid":{"rendered":"http:\/\/www.ritocad.se\/?page_id=406"},"modified":"2021-02-15T13:52:11","modified_gmt":"2021-02-15T12:52:11","slug":"skanning","status":"publish","type":"page","link":"https:\/\/ww3.ritocad.se\/index.php\/tjanster\/skanning\/","title":{"rendered":"Skanning"},"content":{"rendered":"<p>Med tj\u00e4nsten skanning kan vi snabbt och enkelt skanna av dina ritningar eller dokument, allt fr\u00e5n A4 till A0.<br \/>\nDetta g\u00f6r vi med h\u00f6g kvalitetskontroll, vilket inneb\u00e4r<\/p>\n<ul>\n<li>Manuell- och kontrastinst\u00e4llning<\/li>\n<li>Ritningen r\u00e4tas upp och rensas fr\u00e5n smuts<\/li>\n<li>Kalibrering (m\u00e5ttjustering)<\/li>\n<\/ul>\n<p>Leverans sker i ett antal rasterformat men vi rekommenderar CALS CCITT grupp 4.<br \/>\nVi har m\u00e5nga \u00e5rs erfarenhet av att skanna, v\u00e5r f\u00f6rsta storformatsskanner ink\u00f6ptes 1991.<\/p>\n","protected":false},"excerpt":{"rendered":"<p>Med tj\u00e4nsten skanning kan vi snabbt och enkelt skanna av dina ritningar eller dokument, allt fr\u00e5n A4 till A0. Detta g\u00f6r vi med h\u00f6g kvalitetskontroll, vilket inneb\u00e4r Manuell- och kontrastinst\u00e4llning Ritningen r\u00e4tas upp och rensas fr\u00e5n smuts Kalibrering (m\u00e5ttjustering) Leverans sker i ett antal rasterformat men vi rekommenderar CALS CCITT grupp 4. Vi har m\u00e5nga \u00e5rs erfarenhet av att skanna, v\u00e5r f\u00f6rsta storformatsskanner ink\u00f6ptes 1991.<\/p>\n","protected":false},"author":4,"featured_media":0,"parent":58,"menu_order":10,"comment_status":"closed","ping_status":"open","template":"","meta":{"footnotes":""},"class_list":["post-406","page","type-page","status-publish","hentry"],"_links":{"self":[{"href":"https:\/\/ww3.ritocad.se\/index.php\/wp-json\/wp\/v2\/pages\/406","targetHints":{"allow":["GET"]}}],"collection":[{"href":"https:\/\/ww3.ritocad.se\/index.php\/wp-json\/wp\/v2\/pages"}],"about":[{"href":"https:\/\/ww3.ritocad.se\/index.php\/wp-json\/wp\/v2\/types\/page"}],"author":[{"embeddable":true,"href":"https:\/\/ww3.ritocad.se\/index.php\/wp-json\/wp\/v2\/users\/4"}],"replies":[{"embeddable":true,"href":"https:\/\/ww3.ritocad.se\/index.php\/wp-json\/wp\/v2\/comments?post=406"}],"version-history":[{"count":1,"href":"https:\/\/ww3.ritocad.se\/index.php\/wp-json\/wp\/v2\/pages\/406\/revisions"}],"predecessor-version":[{"id":1576,"href":"https:\/\/ww3.ritocad.se\/index.php\/wp-json\/wp\/v2\/pages\/406\/revisions\/1576"}],"up":[{"embeddable":true,"href":"https:\/\/ww3.ritocad.se\/index.php\/wp-json\/wp\/v2\/pages\/58"}],"wp:attachment":[{"href":"https:\/\/ww3.ritocad.se\/index.php\/wp-json\/wp\/v2\/media?parent=406"}],"curies":[{"name":"wp","href":"https:\/\/api.w.org\/{rel}","templated":true}]}}