{"id":408,"date":"2014-07-10T11:36:24","date_gmt":"2014-07-10T09:36:24","guid":{"rendered":"http:\/\/www.ritocad.se\/?page_id=408"},"modified":"2021-02-15T14:05:25","modified_gmt":"2021-02-15T13:05:25","slug":"automatisk-vektorisering","status":"publish","type":"page","link":"https:\/\/ww3.ritocad.se\/index.php\/tjanster\/automatisk-vektorisering\/","title":{"rendered":"Automatisk vektorisering"},"content":{"rendered":"<p>Tj\u00e4nsten g\u00f6rs av en dator som sj\u00e4lv, efter de kriterier som vi ger den, k\u00e4nner igen:<\/p>\n<ul>\n<li>Linjer<\/li>\n<li>Cirklar<\/li>\n<li>B\u00e5gar<\/li>\n<li>Polylinjer<\/li>\n<li>Fyllda ytor<\/li>\n<\/ul>\n<p>Vektorerna blir anv\u00e4ndbara i vilket CAD-program som helst.<\/p>\n","protected":false},"excerpt":{"rendered":"<p>Tj\u00e4nsten g\u00f6rs av en dator som sj\u00e4lv, efter de kriterier som vi ger den, k\u00e4nner igen: Linjer Cirklar B\u00e5gar Polylinjer Fyllda ytor Vektorerna blir anv\u00e4ndbara i vilket CAD-program som helst.<\/p>\n","protected":false},"author":4,"featured_media":0,"parent":58,"menu_order":30,"comment_status":"closed","ping_status":"open","template":"","meta":{"footnotes":""},"class_list":["post-408","page","type-page","status-publish","hentry"],"_links":{"self":[{"href":"https:\/\/ww3.ritocad.se\/index.php\/wp-json\/wp\/v2\/pages\/408","targetHints":{"allow":["GET"]}}],"collection":[{"href":"https:\/\/ww3.ritocad.se\/index.php\/wp-json\/wp\/v2\/pages"}],"about":[{"href":"https:\/\/ww3.ritocad.se\/index.php\/wp-json\/wp\/v2\/types\/page"}],"author":[{"embeddable":true,"href":"https:\/\/ww3.ritocad.se\/index.php\/wp-json\/wp\/v2\/users\/4"}],"replies":[{"embeddable":true,"href":"https:\/\/ww3.ritocad.se\/index.php\/wp-json\/wp\/v2\/comments?post=408"}],"version-history":[{"count":1,"href":"https:\/\/ww3.ritocad.se\/index.php\/wp-json\/wp\/v2\/pages\/408\/revisions"}],"predecessor-version":[{"id":1588,"href":"https:\/\/ww3.ritocad.se\/index.php\/wp-json\/wp\/v2\/pages\/408\/revisions\/1588"}],"up":[{"embeddable":true,"href":"https:\/\/ww3.ritocad.se\/index.php\/wp-json\/wp\/v2\/pages\/58"}],"wp:attachment":[{"href":"https:\/\/ww3.ritocad.se\/index.php\/wp-json\/wp\/v2\/media?parent=408"}],"curies":[{"name":"wp","href":"https:\/\/api.w.org\/{rel}","templated":true}]}}