{"id":414,"date":"2014-07-10T11:48:24","date_gmt":"2014-07-10T09:48:24","guid":{"rendered":"http:\/\/www.ritocad.se\/?page_id=414"},"modified":"2021-02-15T13:52:41","modified_gmt":"2021-02-15T12:52:41","slug":"digitalisering","status":"publish","type":"page","link":"https:\/\/ww3.ritocad.se\/index.php\/tjanster\/digitalisering\/","title":{"rendered":"Digitalisering"},"content":{"rendered":"<p>Tj\u00e4nsten inneb\u00e4r uppritning i 2D-CAD vilket kan ske i olika niv\u00e5er, allt efter kundens krav<br \/>\np\u00e5 slutresultatet ( din leveransmanual ligger givetvis till grund f\u00f6r allt arbete ).<br \/>\nVi producerar bland annat<\/p>\n<ul>\n<li>Planritningar<\/li>\n<li>L\u00e4genhets- och lokalritningar<\/li>\n<li>Situationsplaner<\/li>\n<li>St\u00e4dritningar<\/li>\n<li>Parkeringsplatser<\/li>\n<\/ul>\n<p>Vi reviderar dina befintliga CAD ritningar.<br \/>\nM\u00e5ng\u00e5rig erfarenhet av CAD-arbete och ritningsrelaterade fr\u00e5gor.<\/p>\n","protected":false},"excerpt":{"rendered":"<p>Tj\u00e4nsten inneb\u00e4r uppritning i 2D-CAD vilket kan ske i olika niv\u00e5er, allt efter kundens krav p\u00e5 slutresultatet ( din leveransmanual ligger givetvis till grund f\u00f6r allt arbete ). Vi producerar bland annat Planritningar L\u00e4genhets- och lokalritningar Situationsplaner St\u00e4dritningar Parkeringsplatser Vi reviderar dina befintliga CAD ritningar. M\u00e5ng\u00e5rig erfarenhet av CAD-arbete och ritningsrelaterade fr\u00e5gor.<\/p>\n","protected":false},"author":4,"featured_media":0,"parent":58,"menu_order":20,"comment_status":"closed","ping_status":"open","template":"","meta":{"footnotes":""},"class_list":["post-414","page","type-page","status-publish","hentry"],"_links":{"self":[{"href":"https:\/\/ww3.ritocad.se\/index.php\/wp-json\/wp\/v2\/pages\/414","targetHints":{"allow":["GET"]}}],"collection":[{"href":"https:\/\/ww3.ritocad.se\/index.php\/wp-json\/wp\/v2\/pages"}],"about":[{"href":"https:\/\/ww3.ritocad.se\/index.php\/wp-json\/wp\/v2\/types\/page"}],"author":[{"embeddable":true,"href":"https:\/\/ww3.ritocad.se\/index.php\/wp-json\/wp\/v2\/users\/4"}],"replies":[{"embeddable":true,"href":"https:\/\/ww3.ritocad.se\/index.php\/wp-json\/wp\/v2\/comments?post=414"}],"version-history":[{"count":1,"href":"https:\/\/ww3.ritocad.se\/index.php\/wp-json\/wp\/v2\/pages\/414\/revisions"}],"predecessor-version":[{"id":1577,"href":"https:\/\/ww3.ritocad.se\/index.php\/wp-json\/wp\/v2\/pages\/414\/revisions\/1577"}],"up":[{"embeddable":true,"href":"https:\/\/ww3.ritocad.se\/index.php\/wp-json\/wp\/v2\/pages\/58"}],"wp:attachment":[{"href":"https:\/\/ww3.ritocad.se\/index.php\/wp-json\/wp\/v2\/media?parent=414"}],"curies":[{"name":"wp","href":"https:\/\/api.w.org\/{rel}","templated":true}]}}