{"id":51,"date":"2014-06-24T08:56:14","date_gmt":"2014-06-24T06:56:14","guid":{"rendered":"http:\/\/www.ritocad.se\/?page_id=51"},"modified":"2021-02-15T09:48:47","modified_gmt":"2021-02-15T08:48:47","slug":"hem-3","status":"publish","type":"page","link":"https:\/\/ww3.ritocad.se\/","title":{"rendered":"V\u00e4lkommen"},"content":{"rendered":"\n<div class=\"wp-block-columns has-3-columns is-layout-flex wp-container-core-columns-is-layout-9d6595d7 wp-block-columns-is-layout-flex\">\n<div class=\"wp-block-column is-layout-flow wp-block-column-is-layout-flow\">\n<h3 class=\"wp-block-heading\">Fince<\/h3>\n\n\n\n<p>Fince ett effektivt, webbaserat dokumenthanteringssystem anpassat f\u00f6r fastighetsbranschen.<\/p>\n<\/div>\n\n\n\n<div class=\"wp-block-column is-layout-flow wp-block-column-is-layout-flow\">\n<h3 class=\"wp-block-heading\">Tj\u00e4nster<\/h3>\n\n\n\n<p>CAD-hj\u00e4lpen tar dig fr\u00e5n papper till digitala dokument, ett m\u00e5ste f\u00f6r att framtidss\u00e4kra dina dokument och ritningar.  <\/p>\n<\/div>\n\n\n\n<div class=\"wp-block-column is-layout-flow wp-block-column-is-layout-flow\">\n<h3 class=\"wp-block-heading\">Fr\u00e5gor &amp; svar<\/h3>\n\n\n\n<p>Tillg\u00e4ngligt f\u00f6r anv\u00e4ndare i Fince.<\/p>\n<\/div>\n<\/div>\n\n\n\n<div class=\"wp-block-columns has-3-columns is-layout-flex wp-container-core-columns-is-layout-9d6595d7 wp-block-columns-is-layout-flex\">\n<div class=\"wp-block-column is-layout-flow wp-block-column-is-layout-flow\">\n<p><a href=\"http:\/\/ww3.ritocad.se\/index.php\/produkter\/\">L\u00e4s mer&#8230;<\/a><\/p>\n<\/div>\n\n\n\n<div class=\"wp-block-column is-layout-flow wp-block-column-is-layout-flow\">\n<p><a href=\"http:\/\/ww3.ritocad.se\/index.php\/tjanster\/\">L\u00e4s mer&#8230;<\/a><\/p>\n<\/div>\n\n\n\n<div class=\"wp-block-column is-layout-flow wp-block-column-is-layout-flow\">\n<p><a href=\"http:\/\/ww3.ritocad.se\/index.php\/support-2\/158-2\/\">L\u00e4s mer&#8230;<\/a><\/p>\n<\/div>\n<\/div>\n","protected":false},"excerpt":{"rendered":"<p>V\u00e4lkommen till Rit&#038;Cad<br \/>\nArbetar ditt f\u00f6retag med fastigheter, d\u00e5 kan v\u00e5ra produkter och tj\u00e4nster vara n\u00e5got f\u00f6r er.<\/p>\n","protected":false},"author":2,"featured_media":0,"parent":0,"menu_order":0,"comment_status":"closed","ping_status":"open","template":"","meta":{"footnotes":""},"class_list":["post-51","page","type-page","status-publish","hentry"],"_links":{"self":[{"href":"https:\/\/ww3.ritocad.se\/index.php\/wp-json\/wp\/v2\/pages\/51","targetHints":{"allow":["GET"]}}],"collection":[{"href":"https:\/\/ww3.ritocad.se\/index.php\/wp-json\/wp\/v2\/pages"}],"about":[{"href":"https:\/\/ww3.ritocad.se\/index.php\/wp-json\/wp\/v2\/types\/page"}],"author":[{"embeddable":true,"href":"https:\/\/ww3.ritocad.se\/index.php\/wp-json\/wp\/v2\/users\/2"}],"replies":[{"embeddable":true,"href":"https:\/\/ww3.ritocad.se\/index.php\/wp-json\/wp\/v2\/comments?post=51"}],"version-history":[{"count":10,"href":"https:\/\/ww3.ritocad.se\/index.php\/wp-json\/wp\/v2\/pages\/51\/revisions"}],"predecessor-version":[{"id":1534,"href":"https:\/\/ww3.ritocad.se\/index.php\/wp-json\/wp\/v2\/pages\/51\/revisions\/1534"}],"wp:attachment":[{"href":"https:\/\/ww3.ritocad.se\/index.php\/wp-json\/wp\/v2\/media?parent=51"}],"curies":[{"name":"wp","href":"https:\/\/api.w.org\/{rel}","templated":true}]}}