{"id":58,"date":"2014-06-24T09:24:21","date_gmt":"2014-06-24T07:24:21","guid":{"rendered":"http:\/\/www.ritocad.se\/?page_id=58"},"modified":"2014-06-24T09:24:21","modified_gmt":"2014-06-24T07:24:21","slug":"tjanster","status":"publish","type":"page","link":"https:\/\/ww3.ritocad.se\/index.php\/tjanster\/","title":{"rendered":"Tj\u00e4nster"},"content":{"rendered":"<p>I CAD-hj\u00e4lpen erbjuds du olika tj\u00e4nster<a href=\"http:\/\/ww3.ritocad.se\/wp-content\/uploads\/2014\/06\/ritning.jpg\"><img loading=\"lazy\" decoding=\"async\" class=\" wp-image-1075 alignright\" src=\"http:\/\/ww3.ritocad.se\/wp-content\/uploads\/2014\/06\/ritning-300x225.jpg\" alt=\"\" width=\"222\" height=\"167\" srcset=\"https:\/\/ww3.ritocad.se\/wp-content\/uploads\/2014\/06\/ritning-300x225.jpg 300w, https:\/\/ww3.ritocad.se\/wp-content\/uploads\/2014\/06\/ritning-768x576.jpg 768w, https:\/\/ww3.ritocad.se\/wp-content\/uploads\/2014\/06\/ritning-1024x768.jpg 1024w, https:\/\/ww3.ritocad.se\/wp-content\/uploads\/2014\/06\/ritning.jpg 1920w\" sizes=\"auto, (max-width: 222px) 100vw, 222px\" \/><\/a><br \/>\n<strong>Papper till CAD<\/strong><br \/>\nVi skannar och digitaliserar befintliga pappersritningar till CAD-filer.<br \/>\n<strong>Ritningar i CAD<br \/>\n<\/strong>Vi producera bland annat l\u00e4genhets- och lokalritningar, planritningar i alla discipliner mm.<br \/>\n<strong>Skisser till CAD<br \/>\n<\/strong>Utifr\u00e5n handritade skisser framst\u00e4ller vi en CAD-ritning.<br \/>\n<strong>Revidering av befintliga CAD ritningar<a href=\"http:\/\/ww3.ritocad.se\/wp-content\/uploads\/2014\/06\/CAD.png\"><img loading=\"lazy\" decoding=\"async\" class=\"size-medium wp-image-1072 alignright\" src=\"http:\/\/ww3.ritocad.se\/wp-content\/uploads\/2014\/06\/CAD-300x188.png\" alt=\"\" width=\"300\" height=\"188\" srcset=\"https:\/\/ww3.ritocad.se\/wp-content\/uploads\/2014\/06\/CAD-300x188.png 300w, https:\/\/ww3.ritocad.se\/wp-content\/uploads\/2014\/06\/CAD-768x480.png 768w, https:\/\/ww3.ritocad.se\/wp-content\/uploads\/2014\/06\/CAD-1024x640.png 1024w, https:\/\/ww3.ritocad.se\/wp-content\/uploads\/2014\/06\/CAD.png 1920w\" sizes=\"auto, (max-width: 300px) 100vw, 300px\" \/><\/a><br \/>\n<\/strong>Vi uppdaterar era ritningar med senaste information t.ex. flytta d\u00f6rrar och v\u00e4ggar eller byte av symboler f\u00f6r badkar och dusch.<br \/>\nL\u00e4s mer om v\u00e5ra \u00f6vriga tj\u00e4nster<br \/>\n<a title=\"CAD\" href=\"?page_id=99\">CAD-kontroll \u00a0 \u00a0 \u00a0 \u00a0 \u00a0<\/a><a title=\"Leveransmanual\" href=\"?page_id=112\">Leveransmanual\u00a0<\/a><a title=\"Driftp\u00e4rm\" href=\"?page_id=114\">\u00a0\u00a0\u00a0\u00a0\u00a0\u00a0\u00a0\u00a0\u00a0<\/a><a href=\"?page_id=315\">Drift&amp;underh\u00e5lls p\u00e4rm <\/a><\/p>\n","protected":false},"excerpt":{"rendered":"<p>CAD-hj\u00e4lpen tar dig fr\u00e5n papper till digitala dokument, ett m\u00e5ste f\u00f6r att framtidss\u00e4kra dina dokument och ritningar.<\/p>\n","protected":false},"author":2,"featured_media":0,"parent":0,"menu_order":20,"comment_status":"closed","ping_status":"open","template":"","meta":{"footnotes":""},"class_list":["post-58","page","type-page","status-publish","hentry"],"_links":{"self":[{"href":"https:\/\/ww3.ritocad.se\/index.php\/wp-json\/wp\/v2\/pages\/58","targetHints":{"allow":["GET"]}}],"collection":[{"href":"https:\/\/ww3.ritocad.se\/index.php\/wp-json\/wp\/v2\/pages"}],"about":[{"href":"https:\/\/ww3.ritocad.se\/index.php\/wp-json\/wp\/v2\/types\/page"}],"author":[{"embeddable":true,"href":"https:\/\/ww3.ritocad.se\/index.php\/wp-json\/wp\/v2\/users\/2"}],"replies":[{"embeddable":true,"href":"https:\/\/ww3.ritocad.se\/index.php\/wp-json\/wp\/v2\/comments?post=58"}],"version-history":[{"count":0,"href":"https:\/\/ww3.ritocad.se\/index.php\/wp-json\/wp\/v2\/pages\/58\/revisions"}],"wp:attachment":[{"href":"https:\/\/ww3.ritocad.se\/index.php\/wp-json\/wp\/v2\/media?parent=58"}],"curies":[{"name":"wp","href":"https:\/\/api.w.org\/{rel}","templated":true}]}}