{"id":628,"date":"2014-07-22T13:40:52","date_gmt":"2014-07-22T11:40:52","guid":{"rendered":"http:\/\/www.ritocad.se\/?page_id=628"},"modified":"2014-07-22T13:40:52","modified_gmt":"2014-07-22T11:40:52","slug":"systemets-inbyggda-tittskap","status":"publish","type":"page","link":"https:\/\/ww3.ritocad.se\/index.php\/produkter\/fince\/systemets-inbyggda-tittskap\/","title":{"rendered":"Systemets inbyggda viewer"},"content":{"rendered":"<p>Fince har marknadens b\u00e4sta viewer. Du anv\u00e4nder samma viewer till alla olika typer av dokument oberoende av filformat.<a href=\"http:\/\/ww3.ritocad.se\/wp-content\/uploads\/2014\/07\/Viewer12.jpg\"><img loading=\"lazy\" decoding=\"async\" class=\" size-full wp-image-877 alignright\" src=\"http:\/\/ww3.ritocad.se\/wp-content\/uploads\/2014\/07\/Viewer12.jpg\" alt=\"Viewer1\" width=\"168\" height=\"124\" \/><\/a><br \/>\nDetta g\u00f6r att du inte beh\u00f6ver ha originalprogram installerade f\u00f6r att granska inkommande dokument.<br \/>\nViewern har bland annat f\u00f6ljande funktioner:<\/p>\n<ul>\n<li>Granskning<\/li>\n<li>Skalriktig utskrift<\/li>\n<li>Vattenst\u00e4mpel<\/li>\n<li>M\u00e4tning: l\u00e4ngd, area och vinkel<\/li>\n<li>Kalibrering<\/li>\n<li>Konvertering till PDF<\/li>\n<li>J\u00e4mf\u00f6ra ritningar<\/li>\n<li>Markup<\/li>\n<\/ul>\n<p>L\u00e4s mer om:<br \/>\n<span style=\"color: #b70a1f;\"><a title=\"Markup\" href=\"http:\/\/www.ritocad.se\/?page_id=638\">Markup<\/a>\u00a0\u00a0\u00a0\u00a0\u00a0\u00a0\u00a0\u00a0\u00a0 <a title=\"M\u00e4tning\" href=\"http:\/\/www.ritocad.se\/?page_id=649\">M\u00e4tning<\/a><br \/>\n<\/span><br \/>\n&nbsp;<\/p>\n","protected":false},"excerpt":{"rendered":"<p>Fince har marknadens b\u00e4sta viewer. Du anv\u00e4nder samma viewer till alla olika typer av dokument oberoende av filformat. Detta g\u00f6r att du inte beh\u00f6ver ha originalprogram installerade f\u00f6r att granska inkommande dokument. Viewern har bland annat f\u00f6ljande funktioner: Granskning Skalriktig utskrift Vattenst\u00e4mpel M\u00e4tning: l\u00e4ngd, area och vinkel Kalibrering Konvertering till PDF J\u00e4mf\u00f6ra ritningar Markup L\u00e4s mer om: Markup\u00a0\u00a0\u00a0\u00a0\u00a0\u00a0\u00a0\u00a0\u00a0 M\u00e4tning &nbsp;<\/p>\n","protected":false},"author":3,"featured_media":877,"parent":70,"menu_order":0,"comment_status":"closed","ping_status":"closed","template":"","meta":{"footnotes":""},"class_list":["post-628","page","type-page","status-publish","has-post-thumbnail","hentry"],"_links":{"self":[{"href":"https:\/\/ww3.ritocad.se\/index.php\/wp-json\/wp\/v2\/pages\/628","targetHints":{"allow":["GET"]}}],"collection":[{"href":"https:\/\/ww3.ritocad.se\/index.php\/wp-json\/wp\/v2\/pages"}],"about":[{"href":"https:\/\/ww3.ritocad.se\/index.php\/wp-json\/wp\/v2\/types\/page"}],"author":[{"embeddable":true,"href":"https:\/\/ww3.ritocad.se\/index.php\/wp-json\/wp\/v2\/users\/3"}],"replies":[{"embeddable":true,"href":"https:\/\/ww3.ritocad.se\/index.php\/wp-json\/wp\/v2\/comments?post=628"}],"version-history":[{"count":0,"href":"https:\/\/ww3.ritocad.se\/index.php\/wp-json\/wp\/v2\/pages\/628\/revisions"}],"up":[{"embeddable":true,"href":"https:\/\/ww3.ritocad.se\/index.php\/wp-json\/wp\/v2\/pages\/70"}],"wp:featuredmedia":[{"embeddable":true,"href":"https:\/\/ww3.ritocad.se\/index.php\/wp-json\/wp\/v2\/media\/877"}],"wp:attachment":[{"href":"https:\/\/ww3.ritocad.se\/index.php\/wp-json\/wp\/v2\/media?parent=628"}],"curies":[{"name":"wp","href":"https:\/\/api.w.org\/{rel}","templated":true}]}}