{"id":638,"date":"2014-07-22T14:17:12","date_gmt":"2014-07-22T12:17:12","guid":{"rendered":"http:\/\/www.ritocad.se\/?page_id=638"},"modified":"2014-07-22T14:17:12","modified_gmt":"2014-07-22T12:17:12","slug":"markup","status":"publish","type":"page","link":"https:\/\/ww3.ritocad.se\/index.php\/produkter\/fince\/systemets-inbyggda-tittskap\/markup\/","title":{"rendered":"Markup"},"content":{"rendered":"<p>Viewern inneh\u00e5ller verktyget Markup med vilket du kan f\u00f6ra information vidare,<br \/>\nhelt digitalt,<a href=\"http:\/\/ww3.ritocad.se\/wp-content\/uploads\/2014\/07\/Markup2.jpg\"><img loading=\"lazy\" decoding=\"async\" class=\" wp-image-655 alignright\" alt=\"Markup2\" src=\"http:\/\/ww3.ritocad.se\/wp-content\/uploads\/2014\/07\/Markup2.jpg\" width=\"230\" height=\"135\" \/><\/a> utan att manipulera med originalfilen.<br \/>\nMarkup-l\u00e4get ger dig m\u00f6jlighet att:<\/p>\n<ul>\n<li>Rita linjer, cirklar m.m.<\/li>\n<li>L\u00e4gga in revideringsmoln<\/li>\n<li>Markera information med hj\u00e4lp av pilar och understrykningar<\/li>\n<li>L\u00e4gga in notislappar (se bild)<\/li>\n<li>F\u00e4rgl\u00e4gga ytor<\/li>\n<li>Skriva texter<\/li>\n<li>L\u00e4gga in symboler<\/li>\n<\/ul>\n","protected":false},"excerpt":{"rendered":"<p>Viewern inneh\u00e5ller verktyget Markup med vilket du kan f\u00f6ra information vidare, helt digitalt, utan att manipulera med originalfilen. Markup-l\u00e4get ger dig m\u00f6jlighet att: Rita linjer, cirklar m.m. L\u00e4gga in revideringsmoln Markera information med hj\u00e4lp av pilar och understrykningar L\u00e4gga in notislappar (se bild) F\u00e4rgl\u00e4gga ytor Skriva texter L\u00e4gga in symboler<\/p>\n","protected":false},"author":3,"featured_media":658,"parent":628,"menu_order":0,"comment_status":"closed","ping_status":"closed","template":"","meta":{"footnotes":""},"class_list":["post-638","page","type-page","status-publish","has-post-thumbnail","hentry"],"_links":{"self":[{"href":"https:\/\/ww3.ritocad.se\/index.php\/wp-json\/wp\/v2\/pages\/638","targetHints":{"allow":["GET"]}}],"collection":[{"href":"https:\/\/ww3.ritocad.se\/index.php\/wp-json\/wp\/v2\/pages"}],"about":[{"href":"https:\/\/ww3.ritocad.se\/index.php\/wp-json\/wp\/v2\/types\/page"}],"author":[{"embeddable":true,"href":"https:\/\/ww3.ritocad.se\/index.php\/wp-json\/wp\/v2\/users\/3"}],"replies":[{"embeddable":true,"href":"https:\/\/ww3.ritocad.se\/index.php\/wp-json\/wp\/v2\/comments?post=638"}],"version-history":[{"count":0,"href":"https:\/\/ww3.ritocad.se\/index.php\/wp-json\/wp\/v2\/pages\/638\/revisions"}],"up":[{"embeddable":true,"href":"https:\/\/ww3.ritocad.se\/index.php\/wp-json\/wp\/v2\/pages\/628"}],"wp:featuredmedia":[{"embeddable":true,"href":"https:\/\/ww3.ritocad.se\/index.php\/wp-json\/wp\/v2\/media\/658"}],"wp:attachment":[{"href":"https:\/\/ww3.ritocad.se\/index.php\/wp-json\/wp\/v2\/media?parent=638"}],"curies":[{"name":"wp","href":"https:\/\/api.w.org\/{rel}","templated":true}]}}