{"id":649,"date":"2014-07-22T15:15:04","date_gmt":"2014-07-22T13:15:04","guid":{"rendered":"http:\/\/www.ritocad.se\/?page_id=649"},"modified":"2014-07-22T15:15:04","modified_gmt":"2014-07-22T13:15:04","slug":"matning","status":"publish","type":"page","link":"https:\/\/ww3.ritocad.se\/index.php\/produkter\/fince\/systemets-inbyggda-tittskap\/matning\/","title":{"rendered":"M\u00e4tning"},"content":{"rendered":"<p>Med Viewern utf\u00f6r du alla olika sorters m\u00e4tningar. F\u00f6r att dessa skall bli r\u00e4tt, oberoende av vilken skala ritningen \u00e4r gjord i,<a href=\"http:\/\/ww3.ritocad.se\/wp-content\/uploads\/2014\/07\/m\u00e4ta-e1406108309485.jpg\"><img loading=\"lazy\" decoding=\"async\" class=\"size-full wp-image-667 alignright\" alt=\"m\u00e4ta\" src=\"http:\/\/ww3.ritocad.se\/wp-content\/uploads\/2014\/07\/m\u00e4ta-e1406108309485.jpg\" width=\"244\" height=\"206\" \/><\/a><br \/>\nkalibrerar du ritningen utifr\u00e5n ett k\u00e4nt m\u00e5tt.<\/p>\n<ul>\n<li>L\u00e4ngd<\/li>\n<li>Area<\/li>\n<li>Vinkel<\/li>\n<li>B\u00e5ge<\/li>\n<\/ul>\n<p>Vid aream\u00e4tningen finns ocks\u00e5 funktionen med att l\u00e4gga ihop olika ytor.<br \/>\n&nbsp;<\/p>\n","protected":false},"excerpt":{"rendered":"<p>Med Viewern utf\u00f6r du alla olika sorters m\u00e4tningar. F\u00f6r att dessa skall bli r\u00e4tt, oberoende av vilken skala ritningen \u00e4r gjord i, kalibrerar du ritningen utifr\u00e5n ett k\u00e4nt m\u00e5tt. L\u00e4ngd Area Vinkel B\u00e5ge Vid aream\u00e4tningen finns ocks\u00e5 funktionen med att l\u00e4gga ihop olika ytor. &nbsp;<\/p>\n","protected":false},"author":3,"featured_media":667,"parent":628,"menu_order":0,"comment_status":"closed","ping_status":"closed","template":"","meta":{"footnotes":""},"class_list":["post-649","page","type-page","status-publish","has-post-thumbnail","hentry"],"_links":{"self":[{"href":"https:\/\/ww3.ritocad.se\/index.php\/wp-json\/wp\/v2\/pages\/649","targetHints":{"allow":["GET"]}}],"collection":[{"href":"https:\/\/ww3.ritocad.se\/index.php\/wp-json\/wp\/v2\/pages"}],"about":[{"href":"https:\/\/ww3.ritocad.se\/index.php\/wp-json\/wp\/v2\/types\/page"}],"author":[{"embeddable":true,"href":"https:\/\/ww3.ritocad.se\/index.php\/wp-json\/wp\/v2\/users\/3"}],"replies":[{"embeddable":true,"href":"https:\/\/ww3.ritocad.se\/index.php\/wp-json\/wp\/v2\/comments?post=649"}],"version-history":[{"count":0,"href":"https:\/\/ww3.ritocad.se\/index.php\/wp-json\/wp\/v2\/pages\/649\/revisions"}],"up":[{"embeddable":true,"href":"https:\/\/ww3.ritocad.se\/index.php\/wp-json\/wp\/v2\/pages\/628"}],"wp:featuredmedia":[{"embeddable":true,"href":"https:\/\/ww3.ritocad.se\/index.php\/wp-json\/wp\/v2\/media\/667"}],"wp:attachment":[{"href":"https:\/\/ww3.ritocad.se\/index.php\/wp-json\/wp\/v2\/media?parent=649"}],"curies":[{"name":"wp","href":"https:\/\/api.w.org\/{rel}","templated":true}]}}