{"id":68,"date":"2014-06-24T11:24:00","date_gmt":"2014-06-24T09:24:00","guid":{"rendered":"http:\/\/www.ritocad.se\/?page_id=68"},"modified":"2014-06-24T11:24:00","modified_gmt":"2014-06-24T09:24:00","slug":"kunder","status":"publish","type":"page","link":"https:\/\/ww3.ritocad.se\/index.php\/kunder\/","title":{"rendered":"Kunder"},"content":{"rendered":"<p style=\"text-align: justify;\"><strong>Fastighetsbolag<\/strong><\/p>\n<p style=\"text-align: justify;\">Alings\u00e5shem, Bostj\u00e4rnan i V\u00e4ster\u00e5s, Brom\u00f6llahem, Eker\u00f6Bost\u00e4der, Gnestahem, Halmstads Fastighets AB, H\u00e5bohus, IKANO Bostad, Karlshamnsbost\u00e4der, Karlskronahem,\u00a0 Laholmshem, Mannersons Fastighets AB, Nordstan, PNEU, Rapp Fastigheter, Trosabygdens Bost\u00e4der, TranemoBost\u00e4der och V\u00e4xj\u00f6bost\u00e4der AB.<\/p>\n<p style=\"text-align: justify;\"><strong>Kommuner<\/strong><\/p>\n<p style=\"text-align: justify;\">H\u00f6gsby och V\u00e4xj\u00f6.<\/p>\n","protected":false},"excerpt":{"rendered":"<p>Fastighetsbolag Alings\u00e5shem, Bostj\u00e4rnan i V\u00e4ster\u00e5s, Brom\u00f6llahem, Eker\u00f6Bost\u00e4der, Gnestahem, Halmstads Fastighets AB, H\u00e5bohus, IKANO Bostad, Karlshamnsbost\u00e4der, Karlskronahem,\u00a0 Laholmshem, Mannersons Fastighets AB, Nordstan, PNEU, Rapp Fastigheter, Trosabygdens Bost\u00e4der, TranemoBost\u00e4der och V\u00e4xj\u00f6bost\u00e4der AB. Kommuner H\u00f6gsby och V\u00e4xj\u00f6.<\/p>\n","protected":false},"author":2,"featured_media":0,"parent":0,"menu_order":40,"comment_status":"closed","ping_status":"open","template":"","meta":{"footnotes":""},"class_list":["post-68","page","type-page","status-publish","hentry"],"_links":{"self":[{"href":"https:\/\/ww3.ritocad.se\/index.php\/wp-json\/wp\/v2\/pages\/68","targetHints":{"allow":["GET"]}}],"collection":[{"href":"https:\/\/ww3.ritocad.se\/index.php\/wp-json\/wp\/v2\/pages"}],"about":[{"href":"https:\/\/ww3.ritocad.se\/index.php\/wp-json\/wp\/v2\/types\/page"}],"author":[{"embeddable":true,"href":"https:\/\/ww3.ritocad.se\/index.php\/wp-json\/wp\/v2\/users\/2"}],"replies":[{"embeddable":true,"href":"https:\/\/ww3.ritocad.se\/index.php\/wp-json\/wp\/v2\/comments?post=68"}],"version-history":[{"count":0,"href":"https:\/\/ww3.ritocad.se\/index.php\/wp-json\/wp\/v2\/pages\/68\/revisions"}],"wp:attachment":[{"href":"https:\/\/ww3.ritocad.se\/index.php\/wp-json\/wp\/v2\/media?parent=68"}],"curies":[{"name":"wp","href":"https:\/\/api.w.org\/{rel}","templated":true}]}}