{"id":70,"date":"2014-06-24T11:26:01","date_gmt":"2014-06-24T09:26:01","guid":{"rendered":"http:\/\/www.ritocad.se\/?page_id=70"},"modified":"2014-06-24T11:26:01","modified_gmt":"2014-06-24T09:26:01","slug":"fince","status":"publish","type":"page","link":"https:\/\/ww3.ritocad.se\/index.php\/produkter\/fince\/","title":{"rendered":"Funktioner i Fince"},"content":{"rendered":"<p><span style=\"color: #000000;\"><strong><img loading=\"lazy\" decoding=\"async\" class=\"alignright size-full wp-image-88\" alt=\"Bandarkiv\" src=\"http:\/\/ww3.ritocad.se\/wp-content\/uploads\/2014\/06\/fotolattilggligt.jpg\" width=\"120\" height=\"202\" \/><\/strong><\/span><span style=\"color: #000000;\"><strong>Fince<\/strong>\u00a0<\/span>\u00e4r ett enkelt, l\u00e4ttillg\u00e4ngligt dokumenthanteringssystem med funktioner\u00a0som hanterar, bearbetar och levererar visuell information fr\u00e5n olika typer av dokument. Systemet \u00e4r webbaserat vilket inneb\u00e4r att alla anv\u00e4ndare har informationen \u00e5tkomligt oavsett var anv\u00e4ndaren befinner sig.<br \/>\n<strong>Fince<\/strong> ger er f\u00f6ljande funktioner:<\/p>\n<ul>\n<li>Beh\u00f6righet<\/li>\n<li>S\u00f6ka via navigatorer eller formul\u00e4r<\/li>\n<li>Viewer med funktioner f\u00f6r bl.a. skalriktig utskrift, yt- och aream\u00e4tning, kommentarer<\/li>\n<li>Granskning och godk\u00e4nnande<\/li>\n<li>Leverans,\u00a0dokument kan konverteras till PDF direkt via Mail eller Zip<\/li>\n<li>Bevakning med p\u00e5minnelse<\/li>\n<li>Versionshantering<\/li>\n<li>Dokumentklass och metadata strukturer enligt ISO 15489, ISO 82045 samt Fi2.<\/li>\n<li>Geografisk struktur efter Era byggnader<\/li>\n<li>Sekretess<\/li>\n<li>Integration<\/li>\n<\/ul>\n<p><a href=\"http:\/\/ww3.ritocad.se\/wp-content\/uploads\/2014\/09\/FinceFunktioner2014.pdf\" target=\"_blank\">Utskriftsv\u00e4nligt format<\/a><\/p>\n","protected":false},"excerpt":{"rendered":"<p>Fince\u00a0\u00e4r ett enkelt, l\u00e4ttillg\u00e4ngligt dokumenthanteringssystem med funktioner\u00a0som hanterar, bearbetar och levererar visuell information fr\u00e5n olika typer av dokument. Systemet \u00e4r webbaserat vilket inneb\u00e4r att alla anv\u00e4ndare har informationen \u00e5tkomligt oavsett var anv\u00e4ndaren befinner sig. Fince ger er f\u00f6ljande funktioner: Beh\u00f6righet S\u00f6ka via navigatorer eller formul\u00e4r Viewer med funktioner f\u00f6r bl.a. skalriktig utskrift, yt- och aream\u00e4tning, kommentarer Granskning och godk\u00e4nnande Leverans,\u00a0dokument kan konverteras till PDF direkt via Mail eller Zip Bevakning med p\u00e5minnelse Versionshantering Dokumentklass och metadata strukturer enligt ISO 15489, ISO 82045 samt Fi2. Geografisk struktur efter Era byggnader Sekretess Integration Utskriftsv\u00e4nligt format<\/p>\n","protected":false},"author":2,"featured_media":0,"parent":56,"menu_order":10,"comment_status":"closed","ping_status":"open","template":"","meta":{"footnotes":""},"class_list":["post-70","page","type-page","status-publish","hentry"],"_links":{"self":[{"href":"https:\/\/ww3.ritocad.se\/index.php\/wp-json\/wp\/v2\/pages\/70","targetHints":{"allow":["GET"]}}],"collection":[{"href":"https:\/\/ww3.ritocad.se\/index.php\/wp-json\/wp\/v2\/pages"}],"about":[{"href":"https:\/\/ww3.ritocad.se\/index.php\/wp-json\/wp\/v2\/types\/page"}],"author":[{"embeddable":true,"href":"https:\/\/ww3.ritocad.se\/index.php\/wp-json\/wp\/v2\/users\/2"}],"replies":[{"embeddable":true,"href":"https:\/\/ww3.ritocad.se\/index.php\/wp-json\/wp\/v2\/comments?post=70"}],"version-history":[{"count":0,"href":"https:\/\/ww3.ritocad.se\/index.php\/wp-json\/wp\/v2\/pages\/70\/revisions"}],"up":[{"embeddable":true,"href":"https:\/\/ww3.ritocad.se\/index.php\/wp-json\/wp\/v2\/pages\/56"}],"wp:attachment":[{"href":"https:\/\/ww3.ritocad.se\/index.php\/wp-json\/wp\/v2\/media?parent=70"}],"curies":[{"name":"wp","href":"https:\/\/api.w.org\/{rel}","templated":true}]}}