{"id":76,"date":"2014-06-24T11:32:33","date_gmt":"2014-06-24T09:32:33","guid":{"rendered":"http:\/\/www.ritocad.se\/?page_id=76"},"modified":"2014-06-24T11:32:33","modified_gmt":"2014-06-24T09:32:33","slug":"om-ritcad","status":"publish","type":"page","link":"https:\/\/ww3.ritocad.se\/index.php\/om-ritcad\/","title":{"rendered":"Om Rit&amp;Cad"},"content":{"rendered":"<p>Sedan 1991 har Rit&amp;Cad framg\u00e5ngsrikt levererat tj\u00e4nster inom ritningshantering.<a style=\"text-decoration: none;\" href=\"http:\/\/www.soliditet.se\/lang\/sv_SE\/RatingGuideline\" target=\"_blank\"><img decoding=\"async\" id=\"img_273_73_px\" class=\"alignright\" style=\"border: 0px;\" title=\"Vi \u00e4r ett kreditv\u00e4rdigt f\u00f6retag enligt Bisnodes v\u00e4rderingssystem som baserar sig p\u00e5 en m\u00e4ngd olika beslutsregler. Denna uppgift \u00e4r alltid aktuell, informationen uppdateras dagligen via Bisnodes databas.\" src=\"http:\/\/merit.soliditet.se\/merit\/imageGenerator\/display?lang=SE&amp;country=SE&amp;cId=%2B5jkaB3%2BZgqo9L%2BAlDxJ7A%3D%3D&amp;cUid=19gJfRprwFE%3D&amp;imgType=img_273_73_px\" alt=\"Vi \u00e4r ett kreditv\u00e4rdigt f\u00f6retag enligt Bisnodes v\u00e4rderingssystem som baserar sig p\u00e5 en m\u00e4ngd olika beslutsregler. Denna uppgift \u00e4r alltid aktuell, informationen uppdateras dagligen via Bisnodes databas.\" \/><\/a><br \/>\nDokumenthanterings systemet Fince b\u00f6rjade vi levererar 1997 som en helhetsl\u00f6sning f\u00f6r i f\u00f6rsta hand fastighetsbolag.<br \/>\nRit&amp;Cad AB \u00e4r ett personal\u00e4gt konsultbolag med bolagss\u00e4te i L\u00f6ttorp p\u00e5 \u00d6land och med ytterligare ett kontor i Malm\u00f6.<br \/>\nMerparten av verksamheten i bolaget \u00e4r inriktad p\u00e5 konsulttj\u00e4nster inom\u00a0fastighetsf\u00f6rvaltningsomr\u00e5det.<a href=\"http:\/\/merit.soliditet.se\/merit\/creditReport\/display?lang=SE&amp;cId=%2B5jkaB3%2BZgqo9L%2BAlDxJ7A%3D%3D&amp;cUid=19gJfRprwFE%3D\" target=\"_blank\"><img decoding=\"async\" class=\"alignright\" style=\"border: none;\" src=\"http:\/\/merit.soliditet.se\/merit\/images\/CreditReport1.gif\" alt=\"Credit report\" \/><\/a><br \/>\nV\u00e5r m\u00e5ls\u00e4ttning \u00e4r att Fince alltid skall vara det fr\u00e4msta valet f\u00f6r alla organisationer som beh\u00f6ver\u00a0ett dokumenthanteringssystem med kraftfull funktionalitet som g\u00e5r snabbt att implementera och \u00e4r enkelt att anv\u00e4nda.<br \/>\nVi tycker att vi har lyckats!<br \/>\n<strong><em>V\u00e5r kvalitetspolicy \u00e4r:<\/em><\/strong><a href=\"http:\/\/ww3.ritocad.se\/wp-content\/uploads\/2014\/07\/Huset-e1404299827826.jpg\"><img loading=\"lazy\" decoding=\"async\" class=\"size-medium wp-image-256 alignright\" src=\"http:\/\/ww3.ritocad.se\/wp-content\/uploads\/2014\/07\/Huset-e1404299827826-300x157.jpg\" alt=\"Exif_JPEG_PICTURE\" width=\"300\" height=\"157\" srcset=\"https:\/\/ww3.ritocad.se\/wp-content\/uploads\/2014\/07\/Huset-e1404299827826-300x157.jpg 300w, https:\/\/ww3.ritocad.se\/wp-content\/uploads\/2014\/07\/Huset-e1404299827826.jpg 490w\" sizes=\"auto, (max-width: 300px) 100vw, 300px\" \/><\/a><br \/>\nGenom n\u00e4ra samarbete med kunden, flexibilitet i verksamheten, alltid vara tillg\u00e4nglig och genom\u00a0kvalitetss\u00e4kring av v\u00e5ra uppdrag kan vi m\u00f6ta kvalificerade krav fr\u00e5n v\u00e5r kund.<br \/>\nV\u00e5ra kvalitetsm\u00e5l \u00e4r att vi skall ha en tydlig integritet, tillhandah\u00e5lla konsultprodukter med r\u00e4tt\u00a0kvalitet och kontinuerligt utveckla oss sj\u00e4lva och v\u00e5ra produkter.<br \/>\nDessa m\u00e5l n\u00e5r vi genom engagerade medarbetare och en str\u00e4van efter att st\u00e4ndigt f\u00f6rb\u00e4ttra v\u00e5r verksamhet.<br \/>\n<strong><em>V\u00e5r milj\u00f6policy \u00e4r:<\/em><\/strong><a title=\"Sigillet \u00e4r utf\u00e4rdat av UC AB. Klicka p\u00e5 bilden f\u00f6r information om UC:s Riskklasser.\" href=\"https:\/\/www.uc.se\/risksigill\" target=\"_blank\"><strong><em><img loading=\"lazy\" decoding=\"async\" class=\"alignright\" style=\"border: 0px none;\" src=\"https:\/\/www.uc.se\/ucsigill\/sigill?id=5564455235\" alt=\"\" width=\"120\" height=\"180\" border=\"0\" \/><\/em><\/strong><\/a><br \/>\nAll verksamhet hos Rit &amp; Cad skall genomsyras av milj\u00f6medvetenhet och om m\u00f6jligt anv\u00e4nda<br \/>\nmilj\u00f6godk\u00e4nda varor och utf\u00f6ra tj\u00e4nster p\u00e5 det milj\u00f6v\u00e4nligaste s\u00e4ttet. Ett milj\u00f6m\u00e5l \u00e4r att skapa<br \/>\ndet pappersl\u00f6sa kontoret.<\/p>\n","protected":false},"excerpt":{"rendered":"<p>Sedan 1991 har Rit&amp;Cad framg\u00e5ngsrikt levererat tj\u00e4nster inom ritningshantering. Dokumenthanterings systemet Fince b\u00f6rjade vi levererar 1997 som en helhetsl\u00f6sning f\u00f6r i f\u00f6rsta hand fastighetsbolag. Rit&amp;Cad AB \u00e4r ett personal\u00e4gt konsultbolag med bolagss\u00e4te i L\u00f6ttorp p\u00e5 \u00d6land och med ytterligare ett kontor i Malm\u00f6. Merparten av verksamheten i bolaget \u00e4r inriktad p\u00e5 konsulttj\u00e4nster inom\u00a0fastighetsf\u00f6rvaltningsomr\u00e5det. V\u00e5r m\u00e5ls\u00e4ttning \u00e4r att Fince alltid skall vara det fr\u00e4msta valet f\u00f6r alla organisationer som beh\u00f6ver\u00a0ett dokumenthanteringssystem med kraftfull funktionalitet som g\u00e5r snabbt att implementera och \u00e4r enkelt att anv\u00e4nda. Vi tycker att vi har lyckats! V\u00e5r kvalitetspolicy \u00e4r: Genom n\u00e4ra samarbete med kunden, flexibilitet i verksamheten, alltid vara tillg\u00e4nglig och genom\u00a0kvalitetss\u00e4kring av v\u00e5ra uppdrag kan vi&hellip; <a class=\"read-more\" href=\"https:\/\/ww3.ritocad.se\/index.php\/om-ritcad\/\">L\u00e4s mer<\/a><\/p>\n","protected":false},"author":2,"featured_media":0,"parent":0,"menu_order":50,"comment_status":"closed","ping_status":"open","template":"","meta":{"footnotes":""},"class_list":["post-76","page","type-page","status-publish","hentry"],"_links":{"self":[{"href":"https:\/\/ww3.ritocad.se\/index.php\/wp-json\/wp\/v2\/pages\/76","targetHints":{"allow":["GET"]}}],"collection":[{"href":"https:\/\/ww3.ritocad.se\/index.php\/wp-json\/wp\/v2\/pages"}],"about":[{"href":"https:\/\/ww3.ritocad.se\/index.php\/wp-json\/wp\/v2\/types\/page"}],"author":[{"embeddable":true,"href":"https:\/\/ww3.ritocad.se\/index.php\/wp-json\/wp\/v2\/users\/2"}],"replies":[{"embeddable":true,"href":"https:\/\/ww3.ritocad.se\/index.php\/wp-json\/wp\/v2\/comments?post=76"}],"version-history":[{"count":0,"href":"https:\/\/ww3.ritocad.se\/index.php\/wp-json\/wp\/v2\/pages\/76\/revisions"}],"wp:attachment":[{"href":"https:\/\/ww3.ritocad.se\/index.php\/wp-json\/wp\/v2\/media?parent=76"}],"curies":[{"name":"wp","href":"https:\/\/api.w.org\/{rel}","templated":true}]}}