{"id":78,"date":"2014-06-24T11:34:03","date_gmt":"2014-06-24T09:34:03","guid":{"rendered":"http:\/\/www.ritocad.se\/?page_id=78"},"modified":"2014-06-24T11:34:03","modified_gmt":"2014-06-24T09:34:03","slug":"karriar","status":"publish","type":"page","link":"https:\/\/ww3.ritocad.se\/index.php\/om-ritcad\/karriar\/","title":{"rendered":"Karri\u00e4r"},"content":{"rendered":"<p>Rit&amp;Cad \u00e4r en uppskattad leverant\u00f6r som st\u00e4ndigt f\u00e5r fler uppdrag, och har d\u00e4rf\u00f6r alltid d\u00f6rren \u00f6ppen f\u00f6r nyckelpersoner som kan vara med och v\u00e4xa tillsammans med f\u00f6retaget. Framg\u00e5ngen bygger p\u00e5 v\u00e5ra kompetenta och engagerade medarbetare.<br \/>\nVi erbjuder dig en unik m\u00f6jlighet att f\u00e5 arbeta med en framg\u00e5ngsrik och intressant produkt, den senaste tekniken och m\u00e5nga v\u00e4lk\u00e4nda kunder.<br \/>\nL\u00e4s mer om v\u00e5ra lediga jobb nedan och skicka g\u00e4rna in din ans\u00f6kan redan idag.<\/p>\n<hr \/>\n<p><strong>Programutvecklare<\/strong><br \/>\n&#8211; \u00c4r du driven, nyfiken och duktig p\u00e5 att utveckla IT-l\u00f6sningar? Ja, d\u00e5 det \u00e4r just dig vi s\u00f6ker. Du har en h\u00f6g ansvarsk\u00e4nsla och kan h\u00e5lla flera bollar i luften samtidigt. En h\u00f6g kommunikativ och social f\u00f6rm\u00e5ga samt en k\u00e4nsla f\u00f6r helheten i projekt \u00e4r en f\u00f6ruts\u00e4ttning f\u00f6r tj\u00e4nsten. Vi ser personliga egenskaper och driv som en viktig merit.<br \/>\n<strong>Beskrivning av kvalifikationer:<\/strong> Vi tror att du \u00e4r systemutvecklare eller programmerare. Tj\u00e4nsten st\u00e4ller krav p\u00e5 breda kunskaper inom IT, allt fr\u00e5n Officepaket till mer avancerad system- och programmeringsf\u00f6rst\u00e5else. Vi ser g\u00e4rna att du har goda kunskaper inom programmering (HTML ASP, .NET och PHP), Databas hantering (MS-SQL, MySQL), Web server administration (IIS, Apache), Fels\u00f6kning operativsystem (Windows Klient &amp; Server, Linux). Du m\u00e5ste \u00e4ven kunna arbeta sj\u00e4lvst\u00e4ndigt och planera ditt arbete. God kommunikationsf\u00f6rm\u00e5ga, b\u00e5de i tal och skrift, goda kunskaper i svenska och engelska \u00e4r ett krav.<br \/>\n<strong>Arbetsbeskrivning i korthet<\/strong>: Du kommer att f\u00e5 utf\u00f6ra nyinstallationer, underh\u00e5llsarbeten, utveckling och fels\u00f6kning av v\u00e5rt egenutvecklade dokumenthanteringssystem. Uppdrag hos kunder p\u00e5 andra orter i Sverige kan \u00e4ven f\u00f6rekomma. V\u00e5ra kunders milj\u00f6er \u00e4r vanligtvis baserade p\u00e5 Windowsklienter och Windows Server.<\/p>\n<hr \/>\n<h2>Intresseanm\u00e4lan<\/h2>\n<p>Det g\u00e5r ocks\u00e5 bra att skicka en allm\u00e4n intresseanm\u00e4lan till uppdrag@ritocad.se och ber\u00e4tta mer om dig sj\u00e4lv.<br \/>\nVarmt v\u00e4lkommen med din ans\u00f6kan!<\/p>\n","protected":false},"excerpt":{"rendered":"<p>Rit&amp;Cad \u00e4r en uppskattad leverant\u00f6r som st\u00e4ndigt f\u00e5r fler uppdrag, och har d\u00e4rf\u00f6r alltid d\u00f6rren \u00f6ppen f\u00f6r nyckelpersoner som kan vara med och v\u00e4xa tillsammans med f\u00f6retaget. Framg\u00e5ngen bygger p\u00e5 v\u00e5ra kompetenta och engagerade medarbetare. Vi erbjuder dig en unik m\u00f6jlighet att f\u00e5 arbeta med en framg\u00e5ngsrik och intressant produkt, den senaste tekniken och m\u00e5nga v\u00e4lk\u00e4nda kunder. L\u00e4s mer om v\u00e5ra lediga jobb nedan och skicka g\u00e4rna in din ans\u00f6kan redan idag. Programutvecklare &#8211; \u00c4r du driven, nyfiken och duktig p\u00e5 att utveckla IT-l\u00f6sningar? Ja, d\u00e5 det \u00e4r just dig vi s\u00f6ker. Du har en h\u00f6g ansvarsk\u00e4nsla och kan h\u00e5lla flera bollar i luften samtidigt. En h\u00f6g kommunikativ och social&hellip; <a class=\"read-more\" href=\"https:\/\/ww3.ritocad.se\/index.php\/om-ritcad\/karriar\/\">L\u00e4s mer<\/a><\/p>\n","protected":false},"author":2,"featured_media":0,"parent":76,"menu_order":52,"comment_status":"closed","ping_status":"open","template":"","meta":{"footnotes":""},"class_list":["post-78","page","type-page","status-publish","hentry"],"_links":{"self":[{"href":"https:\/\/ww3.ritocad.se\/index.php\/wp-json\/wp\/v2\/pages\/78","targetHints":{"allow":["GET"]}}],"collection":[{"href":"https:\/\/ww3.ritocad.se\/index.php\/wp-json\/wp\/v2\/pages"}],"about":[{"href":"https:\/\/ww3.ritocad.se\/index.php\/wp-json\/wp\/v2\/types\/page"}],"author":[{"embeddable":true,"href":"https:\/\/ww3.ritocad.se\/index.php\/wp-json\/wp\/v2\/users\/2"}],"replies":[{"embeddable":true,"href":"https:\/\/ww3.ritocad.se\/index.php\/wp-json\/wp\/v2\/comments?post=78"}],"version-history":[{"count":0,"href":"https:\/\/ww3.ritocad.se\/index.php\/wp-json\/wp\/v2\/pages\/78\/revisions"}],"up":[{"embeddable":true,"href":"https:\/\/ww3.ritocad.se\/index.php\/wp-json\/wp\/v2\/pages\/76"}],"wp:attachment":[{"href":"https:\/\/ww3.ritocad.se\/index.php\/wp-json\/wp\/v2\/media?parent=78"}],"curies":[{"name":"wp","href":"https:\/\/api.w.org\/{rel}","templated":true}]}}